{"id":2508,"date":"2024-01-20T17:57:21","date_gmt":"2024-01-20T17:57:21","guid":{"rendered":"https:\/\/www.amorgion-hotel.gr\/?page_id=2508"},"modified":"2024-12-16T23:00:42","modified_gmt":"2024-12-16T23:00:42","slug":"location","status":"publish","type":"page","link":"https:\/\/www.amorgion-village.gr\/de\/location\/","title":{"rendered":"Location"},"content":{"rendered":"<section class=\"l-section wpb_row us_custom_6718f778 height_large\"><div class=\"l-section-h i-cf\"><div class=\"g-cols vc_row via_grid cols_1 laptops-cols_inherit tablets-cols_inherit mobiles-cols_1 valign_top type_default stacking_default\"><div class=\"wpb_column vc_column_container\"><div class=\"vc_column-inner\"><\/div><\/div><\/div><\/div><\/section>\n<section class=\"l-section wpb_row height_medium\"><div class=\"l-section-h i-cf\"><div class=\"g-cols vc_row via_grid cols_2 laptops-cols_inherit tablets-cols_inherit mobiles-cols_1 valign_top type_default stacking_default\"><div class=\"wpb_column vc_column_container us_custom_6c21c073 us_animate_this\"><div class=\"vc_column-inner\">[vc_custom_heading text=&#8220;Lage&#8220; font_container=&#8220;tag:h1|text_align:left&#8220; use_theme_fonts=&#8220;yes&#8220; css=&#8220;%7B%22default%22%3A%7B%22text-align%22%3A%22inherit%22%2C%22margin-bottom%22%3A%2210px%22%7D%2C%22laptops%22%3A%7B%22text-align%22%3A%22inherit%22%7D%2C%22tablets%22%3A%7B%22text-align%22%3A%22center%22%7D%2C%22mobiles%22%3A%7B%22text-align%22%3A%22center%22%7D%7D&#8220;][vc_custom_heading text=&#8220;Amorgion Village &#8211; Amorgos, Kykladen, Griechenland&#8220; use_theme_fonts=&#8220;yes&#8220; css=&#8220;%7B%22default%22%3A%7B%22text-align%22%3A%22inherit%22%2C%22margin-top%22%3A%220%22%7D%2C%22laptops%22%3A%7B%22text-align%22%3A%22inherit%22%7D%2C%22tablets%22%3A%7B%22text-align%22%3A%22center%22%7D%2C%22mobiles%22%3A%7B%22text-align%22%3A%22center%22%7D%7D&#8220;][vc_raw_html css=&#8220;%7B%22default%22%3A%7B%22text-align%22%3A%22inherit%22%7D%2C%22laptops%22%3A%7B%22text-align%22%3A%22inherit%22%7D%2C%22tablets%22%3A%7B%22text-align%22%3A%22center%22%7D%2C%22mobiles%22%3A%7B%22text-align%22%3A%22center%22%7D%7D&#8220;]JTNDZGl2JTIwY2xhc3MlM0QlMjJkbnQtc2VwYXJhdG9yJTIyJTNFJTNDJTJGZGl2JTNF[\/vc_raw_html]<div class=\"wpb_text_column us_custom_de69c693\"><div class=\"wpb_wrapper\"><div class=\"wpb_text_column \">\n<div class=\"wpb_wrapper\">\n<p>Amorgion Village ist auf einem H\u00fcgel bei Agia Irini Gegend gebaut, 1.200 Meter vom Hafen von Katapola entfernt, nur 15 Minuten zu Fu\u00df oder 3 Minuten Fahrzeit.<\/p>\n<p>Dank seiner privilegierten Lage genie\u00dfen die G\u00e4ste des Hotels einen herrlichen Panoramablick auf den Hafen und das Tal von Katapola in Verbindung mit der Ruhe und Stille, die bei Agia Irini Gegend herrscht.<\/p>\n<p>Wahlen Sie Amorgion Village f\u00fcr Ihren Aufenthalt, befinden Sie sich genau im Zentrum der Insel, nur 5 Km von der sch\u00f6nsten Chora in den Kykladen, 6 Km von dem eindrucksvollen Kloster von Panagia Chozoviotissa und nur in kurzer Entfernung von den Str\u00e4nden von Amorgos, die f\u00fcr ihre wilde Sch\u00f6nheit und das tiefe Blau ber\u00fchmt sind!<\/p>\n<\/div>\n<\/div>\n<\/div><\/div><\/div><\/div><div class=\"wpb_column vc_column_container us_custom_bd432754 us_animate_this has_bg_color\"><div class=\"vc_column-inner\"><div class=\"w-grid us_carousel type_carousel layout_gallery_default preload_style_spinner\" id=\"us_grid_1\"><style>.layout_gallery_default .w-grid-item-h{}<\/style><div class=\"w-grid-list owl-carousel valign_stretch dotstyle_circle navstyle_circle arrows-ver-pos_middle arrows-hor-pos_on_sides_inside arrows-disabled_hide owl-responsive-2000 with_arrows\" style=\"--transition-duration:350ms;--arrows-size:1.5rem;--arrows-hor-offset:calc(0px - 0px);--arrows-gap:10px;\">\t<article class=\"w-grid-item post-1033 attachment type-attachment status-inherit hentry\" data-id=\"1033\">\r\n\t\t<div class=\"w-grid-item-h\">\r\n\t\t\t\t\t\t\t<a ref=\"magnificPopupGrid\" href=\"https:\/\/www.amorgion-village.gr\/wp-content\/uploads\/2024\/01\/amorgion-065.jpg\" class=\"w-grid-item-anchor\" aria-label=\"Amorgion Village\"><\/a>\r\n\t\t\t\t\t\t<div class=\"w-post-elm post_image usg_post_image_1 stretched\"><img loading=\"lazy\" decoding=\"async\" width=\"1024\" height=\"683\" src=\"https:\/\/www.amorgion-village.gr\/wp-content\/uploads\/2024\/01\/amorgion-065-1024x683.jpg\" class=\"attachment-large size-large\" alt=\"Amorgion Village\" srcset=\"https:\/\/www.amorgion-village.gr\/wp-content\/uploads\/2024\/01\/amorgion-065-1024x683.jpg 1024w, https:\/\/www.amorgion-village.gr\/wp-content\/uploads\/2024\/01\/amorgion-065-300x200.jpg 300w, https:\/\/www.amorgion-village.gr\/wp-content\/uploads\/2024\/01\/amorgion-065.jpg 1200w\" sizes=\"auto, (max-width: 1024px) 100vw, 1024px\" \/><\/div>\t\t<\/div>\r\n\t\t\t<\/article>\r\n\t<article class=\"w-grid-item post-1025 attachment type-attachment status-inherit hentry\" data-id=\"1025\">\r\n\t\t<div class=\"w-grid-item-h\">\r\n\t\t\t\t\t\t\t<a ref=\"magnificPopupGrid\" href=\"https:\/\/www.amorgion-village.gr\/wp-content\/uploads\/2024\/01\/amorgion-064.jpg\" class=\"w-grid-item-anchor\" aria-label=\"Amorgion Village\"><\/a>\r\n\t\t\t\t\t\t<div class=\"w-post-elm post_image usg_post_image_1 stretched\"><img loading=\"lazy\" decoding=\"async\" width=\"1024\" height=\"683\" src=\"https:\/\/www.amorgion-village.gr\/wp-content\/uploads\/2024\/01\/amorgion-064-1024x683.jpg\" class=\"attachment-large size-large\" alt=\"Amorgion Village\" srcset=\"https:\/\/www.amorgion-village.gr\/wp-content\/uploads\/2024\/01\/amorgion-064-1024x683.jpg 1024w, https:\/\/www.amorgion-village.gr\/wp-content\/uploads\/2024\/01\/amorgion-064-300x200.jpg 300w, https:\/\/www.amorgion-village.gr\/wp-content\/uploads\/2024\/01\/amorgion-064.jpg 1200w\" sizes=\"auto, (max-width: 1024px) 100vw, 1024px\" \/><\/div>\t\t<\/div>\r\n\t\t\t<\/article>\r\n\t<article class=\"w-grid-item post-1041 attachment type-attachment status-inherit hentry\" data-id=\"1041\">\r\n\t\t<div class=\"w-grid-item-h\">\r\n\t\t\t\t\t\t\t<a ref=\"magnificPopupGrid\" href=\"https:\/\/www.amorgion-village.gr\/wp-content\/uploads\/2024\/01\/amorgion-067.jpg\" class=\"w-grid-item-anchor\" aria-label=\"Amorgion Village\"><\/a>\r\n\t\t\t\t\t\t<div class=\"w-post-elm post_image usg_post_image_1 stretched\"><img loading=\"lazy\" decoding=\"async\" width=\"1024\" height=\"683\" src=\"https:\/\/www.amorgion-village.gr\/wp-content\/uploads\/2024\/01\/amorgion-067-1024x683.jpg\" class=\"attachment-large size-large\" alt=\"Amorgion Village\" srcset=\"https:\/\/www.amorgion-village.gr\/wp-content\/uploads\/2024\/01\/amorgion-067-1024x683.jpg 1024w, https:\/\/www.amorgion-village.gr\/wp-content\/uploads\/2024\/01\/amorgion-067-300x200.jpg 300w, https:\/\/www.amorgion-village.gr\/wp-content\/uploads\/2024\/01\/amorgion-067.jpg 1200w\" sizes=\"auto, (max-width: 1024px) 100vw, 1024px\" \/><\/div>\t\t<\/div>\r\n\t\t\t<\/article>\r\n\t<article class=\"w-grid-item post-1005 attachment type-attachment status-inherit hentry\" data-id=\"1005\">\r\n\t\t<div class=\"w-grid-item-h\">\r\n\t\t\t\t\t\t\t<a ref=\"magnificPopupGrid\" href=\"https:\/\/www.amorgion-village.gr\/wp-content\/uploads\/2024\/01\/amorgion-059.jpg\" class=\"w-grid-item-anchor\" aria-label=\"Amorgion Village\"><\/a>\r\n\t\t\t\t\t\t<div class=\"w-post-elm post_image usg_post_image_1 stretched\"><img loading=\"lazy\" decoding=\"async\" width=\"1024\" height=\"683\" src=\"https:\/\/www.amorgion-village.gr\/wp-content\/uploads\/2024\/01\/amorgion-059-1024x683.jpg\" class=\"attachment-large size-large\" alt=\"Amorgion Village\" srcset=\"https:\/\/www.amorgion-village.gr\/wp-content\/uploads\/2024\/01\/amorgion-059-1024x683.jpg 1024w, https:\/\/www.amorgion-village.gr\/wp-content\/uploads\/2024\/01\/amorgion-059-300x200.jpg 300w, https:\/\/www.amorgion-village.gr\/wp-content\/uploads\/2024\/01\/amorgion-059.jpg 1200w\" sizes=\"auto, (max-width: 1024px) 100vw, 1024px\" \/><\/div>\t\t<\/div>\r\n\t\t\t<\/article>\r\n<\/div><div class=\"w-grid-carousel-json hidden\" onclick='return {&quot;carousel_settings&quot;:{&quot;aria_labels&quot;:{&quot;prev&quot;:&quot;Zur\\u00fcck&quot;,&quot;next&quot;:&quot;Weiter&quot;},&quot;autoplayContinual&quot;:false,&quot;autoplayHoverPause&quot;:false,&quot;autoplayTimeout&quot;:3000,&quot;autoWidth&quot;:false,&quot;smartSpeed&quot;:350,&quot;margin&quot;:0,&quot;mouseDrag&quot;:true,&quot;rtl&quot;:false,&quot;slideBy&quot;:&quot;1&quot;,&quot;touchDrag&quot;:true,&quot;slideTransition&quot;:&quot;&quot;,&quot;responsive&quot;:{&quot;0&quot;:{&quot;autoHeight&quot;:false,&quot;autoplay&quot;:true,&quot;autoWidth&quot;:false,&quot;center&quot;:false,&quot;dots&quot;:false,&quot;items&quot;:1,&quot;loop&quot;:true,&quot;nav&quot;:false,&quot;stagePadding&quot;:0,&quot;slideBy&quot;:&quot;1&quot;},&quot;601&quot;:{&quot;autoHeight&quot;:false,&quot;autoplay&quot;:true,&quot;autoWidth&quot;:false,&quot;center&quot;:false,&quot;dots&quot;:false,&quot;items&quot;:1,&quot;loop&quot;:true,&quot;nav&quot;:true,&quot;stagePadding&quot;:0,&quot;slideBy&quot;:&quot;1&quot;},&quot;1201&quot;:{&quot;autoHeight&quot;:false,&quot;autoplay&quot;:true,&quot;autoWidth&quot;:false,&quot;center&quot;:false,&quot;dots&quot;:false,&quot;items&quot;:1,&quot;loop&quot;:true,&quot;nav&quot;:true,&quot;stagePadding&quot;:0,&quot;slideBy&quot;:&quot;1&quot;},&quot;1381&quot;:{&quot;items&quot;:1,&quot;autoplay&quot;:true,&quot;center&quot;:false,&quot;dots&quot;:false,&quot;nav&quot;:true,&quot;autoHeight&quot;:false,&quot;autoWidth&quot;:false,&quot;loop&quot;:true,&quot;stagePadding&quot;:0}}}}'><\/div><\/div><\/div><\/div><\/div><\/div><\/section><section class=\"l-section wpb_row us_custom_d78b593c us_animate_this height_auto width_full\"><div class=\"l-section-h i-cf\"><div class=\"g-cols vc_row via_grid cols_1 laptops-cols_inherit tablets-cols_inherit mobiles-cols_1 valign_top type_default stacking_default\"><div class=\"wpb_column vc_column_container\"><div class=\"vc_column-inner\">[vc_raw_html]JTNDaWZyYW1lJTIwc3JjJTNEJTIyaHR0cHMlM0ElMkYlMkZ3d3cuZ29vZ2xlLmNvbSUyRm1hcHMlMkZlbWJlZCUzRnBiJTNEJTIxMW0xOCUyMTFtMTIlMjExbTMlMjExZDkwMzIuMzEzOTExMjI3MDI0JTIxMmQyNS44Njg5ODczOTkyNDIzNzUlMjEzZDM2LjgzMjc3MDQ0MDA2NzI2JTIxMm0zJTIxMWYwJTIxMmYwJTIxM2YwJTIxM20yJTIxMWkxMDI0JTIxMmk3NjglMjE0ZjEzLjElMjEzbTMlMjExbTIlMjExczB4MTQ5N2VlMmZlNmY0M2I4NSUyNTNBMHg2N2M0ZDIyNjg1NTI5MjdlJTIxMnNBbW9yZ2lvbiUyNTIwSG90ZWwlMjE1ZTAlMjEzbTIlMjExc2VsJTIxMnNnciUyMTR2MTYwNjIxMDY2NzE4NCUyMTVtMiUyMTFzZWwlMjEyc2dyJTIyJTIwd2lkdGglM0QlMjIxMDAlMjUlMjIlMjBoZWlnaHQlM0QlMjI2MDAlMjIlMjBmcmFtZWJvcmRlciUzRCUyMjAlMjIlMjBzdHlsZSUzRCUyMmJvcmRlciUzQTAlM0IlMjIlMjBhbGxvd2Z1bGxzY3JlZW4lM0QlMjIlMjIlMjBhcmlhLWhpZGRlbiUzRCUyMmZhbHNlJTIyJTIwdGFiaW5kZXglM0QlMjIwJTIyJTNFJTNDJTJGaWZyYW1lJTNF[\/vc_raw_html]<\/div><\/div><\/div><\/div><\/section>\n","protected":false},"excerpt":{"rendered":"","protected":false},"author":1,"featured_media":2409,"parent":0,"menu_order":0,"comment_status":"closed","ping_status":"closed","template":"","meta":{"footnotes":""},"class_list":["post-2508","page","type-page","status-publish","has-post-thumbnail","hentry"],"_links":{"self":[{"href":"https:\/\/www.amorgion-village.gr\/de\/wp-json\/wp\/v2\/pages\/2508","targetHints":{"allow":["GET"]}}],"collection":[{"href":"https:\/\/www.amorgion-village.gr\/de\/wp-json\/wp\/v2\/pages"}],"about":[{"href":"https:\/\/www.amorgion-village.gr\/de\/wp-json\/wp\/v2\/types\/page"}],"author":[{"embeddable":true,"href":"https:\/\/www.amorgion-village.gr\/de\/wp-json\/wp\/v2\/users\/1"}],"replies":[{"embeddable":true,"href":"https:\/\/www.amorgion-village.gr\/de\/wp-json\/wp\/v2\/comments?post=2508"}],"version-history":[{"count":3,"href":"https:\/\/www.amorgion-village.gr\/de\/wp-json\/wp\/v2\/pages\/2508\/revisions"}],"predecessor-version":[{"id":4036,"href":"https:\/\/www.amorgion-village.gr\/de\/wp-json\/wp\/v2\/pages\/2508\/revisions\/4036"}],"wp:featuredmedia":[{"embeddable":true,"href":"https:\/\/www.amorgion-village.gr\/de\/wp-json\/wp\/v2\/media\/2409"}],"wp:attachment":[{"href":"https:\/\/www.amorgion-village.gr\/de\/wp-json\/wp\/v2\/media?parent=2508"}],"curies":[{"name":"wp","href":"https:\/\/api.w.org\/{rel}","templated":true}]}}