{"id":2510,"date":"2024-01-20T17:57:29","date_gmt":"2024-01-20T17:57:29","guid":{"rendered":"https:\/\/www.amorgion-hotel.gr\/?page_id=2510"},"modified":"2025-11-07T10:06:29","modified_gmt":"2025-11-07T10:06:29","slug":"offers","status":"publish","type":"page","link":"https:\/\/www.amorgion-village.gr\/de\/offers\/","title":{"rendered":"Offers"},"content":{"rendered":"<section class=\"l-section wpb_row us_custom_6718f778 height_large\"><div class=\"l-section-h i-cf\"><div class=\"g-cols vc_row via_grid cols_1 laptops-cols_inherit tablets-cols_inherit mobiles-cols_1 valign_top type_default stacking_default\"><div class=\"wpb_column vc_column_container\"><div class=\"vc_column-inner\"><\/div><\/div><\/div><\/div><\/section>\n<section class=\"l-section wpb_row us_custom_eeac4f4e height_medium\"><div class=\"l-section-h i-cf\"><div class=\"g-cols vc_row via_grid cols_1 laptops-cols_inherit tablets-cols_inherit mobiles-cols_1 valign_top type_default stacking_default\"><div class=\"wpb_column vc_column_container\"><div class=\"vc_column-inner\"><div class=\"g-cols wpb_row us_custom_e569ab1f us_animate_this via_grid cols_1 laptops-cols_inherit tablets-cols_inherit mobiles-cols_1 valign_top type_default stacking_default\" style=\"--columns-gap:3rem;\"><div class=\"wpb_column vc_column_container\"><div class=\"vc_column-inner\">[vc_custom_heading text=&#8220;Hotelangebote &#8211; Amorgion Village&#8220; font_container=&#8220;tag:h1|text_align:left&#8220; use_theme_fonts=&#8220;yes&#8220; css=&#8220;%7B%22default%22%3A%7B%22color%22%3A%22%23333333%22%2C%22text-align%22%3A%22center%22%7D%7D&#8220;][vc_custom_heading text=&#8220;Amorgos, Kykladen, Griechenland&#8220; use_theme_fonts=&#8220;yes&#8220; css=&#8220;%7B%22default%22%3A%7B%22color%22%3A%22%23333333%22%2C%22text-align%22%3A%22center%22%7D%7D&#8220;]<\/div><\/div><\/div><div class=\"g-cols wpb_row us_custom_b2452879 via_grid cols_3 laptops-cols_inherit tablets-cols_inherit mobiles-cols_1 valign_middle type_default stacking_default\" style=\"--columns-gap:10px;\"><div class=\"wpb_column vc_column_container us_custom_df0556a9 us_animate_this has_bg_color\"><div class=\"vc_column-inner\">[vc_custom_heading text=&#8220;Buchen Sie direkt bei uns und Sie erhalten exklusiv&#8220; font_container=&#8220;tag:h3|text_align:left&#8220; use_theme_fonts=&#8220;yes&#8220; css=&#8220;%7B%22default%22%3A%7B%22color%22%3A%22%23333333%22%2C%22text-align%22%3A%22center%22%7D%7D&#8220;]<div class=\"w-separator size_medium\"><\/div><div class=\"wpb_text_column us_custom_eb849559\"><div class=\"wpb_wrapper\"><p>Transfer vom\/zum Hafen von Katapola<\/p>\n<p>ein traditionelles Begr\u00fc\u00dfungsgetr\u00e4nk<\/p>\n<p>eine Flasche lokalen Weins gratis<\/p>\n<p>Sonderaktionen und Rabatte<\/p>\n<\/div><\/div><div class=\"w-separator size_medium\"><\/div><div class=\"w-btn-wrapper align_center\"><a class=\"w-btn us-btn-style_1\" target=\"_blank\" href=\"https:\/\/amorgion-village.book-onlinenow.net\/index.aspx?specialoffer=Promo2026&amp;promocode=amorgion2026\"><span class=\"w-btn-label\">Jetzt buchen!<\/span><\/a><\/div><\/div><\/div><div class=\"wpb_column vc_column_container us_custom_d36ebc71 us_animate_this has_bg_color\"><div class=\"vc_column-inner\">[vc_custom_heading text=&#8220;Angebot bei l\u00e4ngerem Aufenthalt&#8220; font_container=&#8220;tag:h3|text_align:left&#8220; use_theme_fonts=&#8220;yes&#8220; css=&#8220;%7B%22default%22%3A%7B%22color%22%3A%22%23333333%22%2C%22text-align%22%3A%22center%22%7D%7D&#8220;]<div class=\"w-separator size_medium\"><\/div><div class=\"wpb_text_column us_custom_eb849559\"><div class=\"wpb_wrapper\"><p>Bei einem Aufenthalt von mehr als 5 N\u00e4chten erhalten Sie einen Preisnachlass von 5%.<\/p>\n<\/div><\/div><div class=\"w-separator size_medium\"><\/div><div class=\"w-btn-wrapper align_center\"><a class=\"w-btn us-btn-style_1\" target=\"_blank\" href=\"https:\/\/amorgion-village.book-onlinenow.net\/index.aspx?specialoffer=SECRET+AMORGION+DEAL&amp;promocode=amorgion2018\"><span class=\"w-btn-label\">Bekomme dieses Angebot<\/span><\/a><\/div><\/div><\/div><div class=\"wpb_column vc_column_container us_custom_24aa9269 us_animate_this has_bg_color\"><div class=\"vc_column-inner\">[vc_custom_heading text=&#8220;Promo Code Special&#8220; font_container=&#8220;tag:h3|text_align:left&#8220; use_theme_fonts=&#8220;yes&#8220; css=&#8220;%7B%22default%22%3A%7B%22color%22%3A%22%23333333%22%2C%22text-align%22%3A%22center%22%7D%7D&#8220;]<div class=\"w-separator size_medium\"><\/div><div class=\"wpb_text_column us_custom_eb849559\"><div class=\"wpb_wrapper\"><p>Promocode nur f\u00fcr Sie exklusiv auf dieser Website!<\/p>\n<p>Klicken Sie auf den folgenden Link und schalten Sie Ihren pers\u00f6nlichen Preisnachlass frei, der nur \u00fcber unsere offizielle Website angeboten wird.<\/p>\n<\/div><\/div><div class=\"w-separator size_medium\"><\/div><div class=\"w-btn-wrapper align_center\"><a class=\"w-btn us-btn-style_1\" target=\"_blank\" href=\"https:\/\/amorgion-village.book-onlinenow.net\/index.aspx?specialoffer=Promo2026&amp;promocode=amorgion2026\"><span class=\"w-btn-label\">Bekomme dieses Angebot<\/span><\/a><\/div><\/div><\/div><\/div><\/div><\/div><\/div><\/div><\/section>\n","protected":false},"excerpt":{"rendered":"[vc_custom_heading text=\"Hotelangebote - Amorgion Village\" font_container=\"tag:h1|text_align:left\" use_theme_fonts=\"yes\" css=\"%7B%22default%22%3A%7B%22color%22%3A%22%23333333%22%2C%22text-align%22%3A%22center%22%7D%7D\"][vc_custom_heading text=\"Amorgos, Kykladen, Griechenland\" use_theme_fonts=\"yes\" css=\"%7B%22default%22%3A%7B%22color%22%3A%22%23333333%22%2C%22text-align%22%3A%22center%22%7D%7D\"][vc_custom_heading text=\"Buchen Sie direkt bei uns und Sie erhalten exklusiv\" font_container=\"tag:h3|text_align:left\" use_theme_fonts=\"yes\" css=\"%7B%22default%22%3A%7B%22color%22%3A%22%23333333%22%2C%22text-align%22%3A%22center%22%7D%7D\"]Transfer vom\/zum Hafen von Katapola ein traditionelles Begr\u00fc\u00dfungsgetr\u00e4nk eine Flasche lokalen Weins gratis Sonderaktionen und Rabatte Jetzt buchen![vc_custom_heading text=\"Angebot bei l\u00e4ngerem Aufenthalt\" font_container=\"tag:h3|text_align:left\" use_theme_fonts=\"yes\" css=\"%7B%22default%22%3A%7B%22color%22%3A%22%23333333%22%2C%22text-align%22%3A%22center%22%7D%7D\"]Bei einem Aufenthalt von mehr als 5...","protected":false},"author":1,"featured_media":0,"parent":0,"menu_order":0,"comment_status":"closed","ping_status":"closed","template":"","meta":{"footnotes":""},"class_list":["post-2510","page","type-page","status-publish","hentry"],"_links":{"self":[{"href":"https:\/\/www.amorgion-village.gr\/de\/wp-json\/wp\/v2\/pages\/2510","targetHints":{"allow":["GET"]}}],"collection":[{"href":"https:\/\/www.amorgion-village.gr\/de\/wp-json\/wp\/v2\/pages"}],"about":[{"href":"https:\/\/www.amorgion-village.gr\/de\/wp-json\/wp\/v2\/types\/page"}],"author":[{"embeddable":true,"href":"https:\/\/www.amorgion-village.gr\/de\/wp-json\/wp\/v2\/users\/1"}],"replies":[{"embeddable":true,"href":"https:\/\/www.amorgion-village.gr\/de\/wp-json\/wp\/v2\/comments?post=2510"}],"version-history":[{"count":6,"href":"https:\/\/www.amorgion-village.gr\/de\/wp-json\/wp\/v2\/pages\/2510\/revisions"}],"predecessor-version":[{"id":4920,"href":"https:\/\/www.amorgion-village.gr\/de\/wp-json\/wp\/v2\/pages\/2510\/revisions\/4920"}],"wp:attachment":[{"href":"https:\/\/www.amorgion-village.gr\/de\/wp-json\/wp\/v2\/media?parent=2510"}],"curies":[{"name":"wp","href":"https:\/\/api.w.org\/{rel}","templated":true}]}}