{"id":2538,"date":"2024-01-20T17:57:21","date_gmt":"2024-01-20T17:57:21","guid":{"rendered":"https:\/\/www.amorgion-hotel.gr\/?page_id=2538"},"modified":"2024-12-16T23:10:44","modified_gmt":"2024-12-16T23:10:44","slug":"location","status":"publish","type":"page","link":"https:\/\/www.amorgion-village.gr\/fr\/location\/","title":{"rendered":"Location"},"content":{"rendered":"<section class=\"l-section wpb_row us_custom_6718f778 height_large\"><div class=\"l-section-h i-cf\"><div class=\"g-cols vc_row via_grid cols_1 laptops-cols_inherit tablets-cols_inherit mobiles-cols_1 valign_top type_default stacking_default\"><div class=\"wpb_column vc_column_container\"><div class=\"vc_column-inner\"><\/div><\/div><\/div><\/div><\/section>\n<section class=\"l-section wpb_row height_medium\"><div class=\"l-section-h i-cf\"><div class=\"g-cols vc_row via_grid cols_2 laptops-cols_inherit tablets-cols_inherit mobiles-cols_1 valign_top type_default stacking_default\"><div class=\"wpb_column vc_column_container us_custom_6c21c073 us_animate_this\"><div class=\"vc_column-inner\">[vc_custom_heading text=\u00a0\u00bbSite\u00a0\u00bb font_container=\u00a0\u00bbtag:h1|text_align:left\u00a0\u00bb use_theme_fonts=\u00a0\u00bbyes\u00a0\u00bb css=\u00a0\u00bb%7B%22default%22%3A%7B%22text-align%22%3A%22inherit%22%2C%22margin-bottom%22%3A%2210px%22%7D%2C%22laptops%22%3A%7B%22text-align%22%3A%22inherit%22%7D%2C%22tablets%22%3A%7B%22text-align%22%3A%22center%22%7D%2C%22mobiles%22%3A%7B%22text-align%22%3A%22center%22%7D%7D\u00a0\u00bb][vc_custom_heading text=\u00a0\u00bbAmorgion Village- Amorgos, Cyclades, Gr\u00e8ce\u00a0\u00bb use_theme_fonts=\u00a0\u00bbyes\u00a0\u00bb css=\u00a0\u00bb%7B%22default%22%3A%7B%22text-align%22%3A%22inherit%22%2C%22margin-top%22%3A%220%22%7D%2C%22laptops%22%3A%7B%22text-align%22%3A%22inherit%22%7D%2C%22tablets%22%3A%7B%22text-align%22%3A%22center%22%7D%2C%22mobiles%22%3A%7B%22text-align%22%3A%22center%22%7D%7D\u00a0\u00bb][vc_raw_html css=\u00a0\u00bb%7B%22default%22%3A%7B%22text-align%22%3A%22inherit%22%7D%2C%22laptops%22%3A%7B%22text-align%22%3A%22inherit%22%7D%2C%22tablets%22%3A%7B%22text-align%22%3A%22center%22%7D%2C%22mobiles%22%3A%7B%22text-align%22%3A%22center%22%7D%7D\u00a0\u00bb]JTNDZGl2JTIwY2xhc3MlM0QlMjJkbnQtc2VwYXJhdG9yJTIyJTNFJTNDJTJGZGl2JTNF[\/vc_raw_html]<div class=\"wpb_text_column us_custom_de69c693\"><div class=\"wpb_wrapper\"><p>L\u2019Amorgion h\u00f4tel est construit sur une petite colline qui se trouve dans la r\u00e9gion d\u2019 Agia Irini, \u00e0 1200m du port de Katapola, \u00e0 peine 15 minutes \u00e0 pied et \u00e0 trois minutes en voiture.<\/p>\n<p>C\u2019 est gr\u00e2ce \u00e0 sa place privil\u00e9gieuse que les visiteurs de l\u2019 h\u00f4tel peuvent jouir une vue panoramique, \u00e9poustouflante sur le port et la plaine de Katapola, en conjonction avec le calme et le silence qui domine dans la r\u00e9gion d\u2019 Agia Irini.<\/p>\n<p>En choisissant l\u2019 Amorgion H\u00f4te pour votre s\u00e9jour vous vous trouvez juste en plein centre de l\u2019 \u00eele, \u00e0 5km \u00e0 peine de la plus belle \u00ab Chora \u00bb des Cyclades, \u00e0 6km du monast\u00e8re imposant de Panagia Chozoviotissa et \u00e0 une toute petite distance des plages d\u2019 Amorgos, connues pour leur beaut\u00e9 sauvage et leur grand bleu.<\/p>\n<\/div><\/div><\/div><\/div><div class=\"wpb_column vc_column_container us_custom_bd432754 us_animate_this has_bg_color\"><div class=\"vc_column-inner\"><div class=\"w-grid us_carousel type_carousel layout_gallery_default preload_style_spinner\" id=\"us_grid_1\"><style>.layout_gallery_default .w-grid-item-h{}<\/style><div class=\"w-grid-list owl-carousel valign_stretch dotstyle_circle navstyle_circle arrows-ver-pos_middle arrows-hor-pos_on_sides_inside arrows-disabled_hide owl-responsive-2000 with_arrows\" style=\"--transition-duration:350ms;--arrows-size:1.5rem;--arrows-hor-offset:calc(0px - 0px);--arrows-gap:10px;\">\t<article class=\"w-grid-item post-1032 attachment type-attachment status-inherit hentry\" data-id=\"1032\">\r\n\t\t<div class=\"w-grid-item-h\">\r\n\t\t\t\t\t\t\t<a ref=\"magnificPopupGrid\" href=\"https:\/\/www.amorgion-village.gr\/wp-content\/uploads\/2024\/01\/amorgion-065.jpg\" class=\"w-grid-item-anchor\" aria-label=\"Amorgion Village\"><\/a>\r\n\t\t\t\t\t\t<div class=\"w-post-elm post_image usg_post_image_1 stretched\"><img loading=\"lazy\" decoding=\"async\" width=\"1024\" height=\"683\" src=\"https:\/\/www.amorgion-village.gr\/wp-content\/uploads\/2024\/01\/amorgion-065-1024x683.jpg\" class=\"attachment-large size-large\" alt=\"Amorgion Village\" srcset=\"https:\/\/www.amorgion-village.gr\/wp-content\/uploads\/2024\/01\/amorgion-065-1024x683.jpg 1024w, https:\/\/www.amorgion-village.gr\/wp-content\/uploads\/2024\/01\/amorgion-065-300x200.jpg 300w, https:\/\/www.amorgion-village.gr\/wp-content\/uploads\/2024\/01\/amorgion-065.jpg 1200w\" sizes=\"auto, (max-width: 1024px) 100vw, 1024px\" \/><\/div>\t\t<\/div>\r\n\t\t\t<\/article>\r\n\t<article class=\"w-grid-item post-1024 attachment type-attachment status-inherit hentry\" data-id=\"1024\">\r\n\t\t<div class=\"w-grid-item-h\">\r\n\t\t\t\t\t\t\t<a ref=\"magnificPopupGrid\" href=\"https:\/\/www.amorgion-village.gr\/wp-content\/uploads\/2024\/01\/amorgion-064.jpg\" class=\"w-grid-item-anchor\" aria-label=\"Amorgion Village\"><\/a>\r\n\t\t\t\t\t\t<div class=\"w-post-elm post_image usg_post_image_1 stretched\"><img loading=\"lazy\" decoding=\"async\" width=\"1024\" height=\"683\" src=\"https:\/\/www.amorgion-village.gr\/wp-content\/uploads\/2024\/01\/amorgion-064-1024x683.jpg\" class=\"attachment-large size-large\" alt=\"Amorgion Village\" srcset=\"https:\/\/www.amorgion-village.gr\/wp-content\/uploads\/2024\/01\/amorgion-064-1024x683.jpg 1024w, https:\/\/www.amorgion-village.gr\/wp-content\/uploads\/2024\/01\/amorgion-064-300x200.jpg 300w, https:\/\/www.amorgion-village.gr\/wp-content\/uploads\/2024\/01\/amorgion-064.jpg 1200w\" sizes=\"auto, (max-width: 1024px) 100vw, 1024px\" \/><\/div>\t\t<\/div>\r\n\t\t\t<\/article>\r\n\t<article class=\"w-grid-item post-1040 attachment type-attachment status-inherit hentry\" data-id=\"1040\">\r\n\t\t<div class=\"w-grid-item-h\">\r\n\t\t\t\t\t\t\t<a ref=\"magnificPopupGrid\" href=\"https:\/\/www.amorgion-village.gr\/wp-content\/uploads\/2024\/01\/amorgion-067.jpg\" class=\"w-grid-item-anchor\" aria-label=\"Amorgion Village\"><\/a>\r\n\t\t\t\t\t\t<div class=\"w-post-elm post_image usg_post_image_1 stretched\"><img loading=\"lazy\" decoding=\"async\" width=\"1024\" height=\"683\" src=\"https:\/\/www.amorgion-village.gr\/wp-content\/uploads\/2024\/01\/amorgion-067-1024x683.jpg\" class=\"attachment-large size-large\" alt=\"Amorgion Village\" srcset=\"https:\/\/www.amorgion-village.gr\/wp-content\/uploads\/2024\/01\/amorgion-067-1024x683.jpg 1024w, https:\/\/www.amorgion-village.gr\/wp-content\/uploads\/2024\/01\/amorgion-067-300x200.jpg 300w, https:\/\/www.amorgion-village.gr\/wp-content\/uploads\/2024\/01\/amorgion-067.jpg 1200w\" sizes=\"auto, (max-width: 1024px) 100vw, 1024px\" \/><\/div>\t\t<\/div>\r\n\t\t\t<\/article>\r\n\t<article class=\"w-grid-item post-1004 attachment type-attachment status-inherit hentry\" data-id=\"1004\">\r\n\t\t<div class=\"w-grid-item-h\">\r\n\t\t\t\t\t\t\t<a ref=\"magnificPopupGrid\" href=\"https:\/\/www.amorgion-village.gr\/wp-content\/uploads\/2024\/01\/amorgion-059.jpg\" class=\"w-grid-item-anchor\" aria-label=\"Amorgion Village\"><\/a>\r\n\t\t\t\t\t\t<div class=\"w-post-elm post_image usg_post_image_1 stretched\"><img loading=\"lazy\" decoding=\"async\" width=\"1024\" height=\"683\" src=\"https:\/\/www.amorgion-village.gr\/wp-content\/uploads\/2024\/01\/amorgion-059-1024x683.jpg\" class=\"attachment-large size-large\" alt=\"Amorgion Village\" srcset=\"https:\/\/www.amorgion-village.gr\/wp-content\/uploads\/2024\/01\/amorgion-059-1024x683.jpg 1024w, https:\/\/www.amorgion-village.gr\/wp-content\/uploads\/2024\/01\/amorgion-059-300x200.jpg 300w, https:\/\/www.amorgion-village.gr\/wp-content\/uploads\/2024\/01\/amorgion-059.jpg 1200w\" sizes=\"auto, (max-width: 1024px) 100vw, 1024px\" \/><\/div>\t\t<\/div>\r\n\t\t\t<\/article>\r\n<\/div><div class=\"w-grid-carousel-json hidden\" onclick='return {&quot;carousel_settings&quot;:{&quot;aria_labels&quot;:{&quot;prev&quot;:&quot;Pr\\u00e9c\\u00e9dent&quot;,&quot;next&quot;:&quot;Suivant&quot;},&quot;autoplayContinual&quot;:false,&quot;autoplayHoverPause&quot;:false,&quot;autoplayTimeout&quot;:3000,&quot;autoWidth&quot;:false,&quot;smartSpeed&quot;:350,&quot;margin&quot;:0,&quot;mouseDrag&quot;:true,&quot;rtl&quot;:false,&quot;slideBy&quot;:&quot;1&quot;,&quot;touchDrag&quot;:true,&quot;slideTransition&quot;:&quot;&quot;,&quot;responsive&quot;:{&quot;0&quot;:{&quot;autoHeight&quot;:false,&quot;autoplay&quot;:true,&quot;autoWidth&quot;:false,&quot;center&quot;:false,&quot;dots&quot;:false,&quot;items&quot;:1,&quot;loop&quot;:true,&quot;nav&quot;:false,&quot;stagePadding&quot;:0,&quot;slideBy&quot;:&quot;1&quot;},&quot;601&quot;:{&quot;autoHeight&quot;:false,&quot;autoplay&quot;:true,&quot;autoWidth&quot;:false,&quot;center&quot;:false,&quot;dots&quot;:false,&quot;items&quot;:1,&quot;loop&quot;:true,&quot;nav&quot;:true,&quot;stagePadding&quot;:0,&quot;slideBy&quot;:&quot;1&quot;},&quot;1201&quot;:{&quot;autoHeight&quot;:false,&quot;autoplay&quot;:true,&quot;autoWidth&quot;:false,&quot;center&quot;:false,&quot;dots&quot;:false,&quot;items&quot;:1,&quot;loop&quot;:true,&quot;nav&quot;:true,&quot;stagePadding&quot;:0,&quot;slideBy&quot;:&quot;1&quot;},&quot;1381&quot;:{&quot;items&quot;:1,&quot;autoplay&quot;:true,&quot;center&quot;:false,&quot;dots&quot;:false,&quot;nav&quot;:true,&quot;autoHeight&quot;:false,&quot;autoWidth&quot;:false,&quot;loop&quot;:true,&quot;stagePadding&quot;:0}}}}'><\/div><\/div><\/div><\/div><\/div><\/div><\/section><section class=\"l-section wpb_row us_custom_d78b593c us_animate_this height_auto width_full\"><div class=\"l-section-h i-cf\"><div class=\"g-cols vc_row via_grid cols_1 laptops-cols_inherit tablets-cols_inherit mobiles-cols_1 valign_top type_default stacking_default\"><div class=\"wpb_column vc_column_container\"><div class=\"vc_column-inner\">[vc_raw_html]JTNDaWZyYW1lJTIwc3JjJTNEJTIyaHR0cHMlM0ElMkYlMkZ3d3cuZ29vZ2xlLmNvbSUyRm1hcHMlMkZlbWJlZCUzRnBiJTNEJTIxMW0xOCUyMTFtMTIlMjExbTMlMjExZDkwMzIuMzEzOTExMjI3MDI0JTIxMmQyNS44Njg5ODczOTkyNDIzNzUlMjEzZDM2LjgzMjc3MDQ0MDA2NzI2JTIxMm0zJTIxMWYwJTIxMmYwJTIxM2YwJTIxM20yJTIxMWkxMDI0JTIxMmk3NjglMjE0ZjEzLjElMjEzbTMlMjExbTIlMjExczB4MTQ5N2VlMmZlNmY0M2I4NSUyNTNBMHg2N2M0ZDIyNjg1NTI5MjdlJTIxMnNBbW9yZ2lvbiUyNTIwSG90ZWwlMjE1ZTAlMjEzbTIlMjExc2VsJTIxMnNnciUyMTR2MTYwNjIxMDY2NzE4NCUyMTVtMiUyMTFzZWwlMjEyc2dyJTIyJTIwd2lkdGglM0QlMjIxMDAlMjUlMjIlMjBoZWlnaHQlM0QlMjI2MDAlMjIlMjBmcmFtZWJvcmRlciUzRCUyMjAlMjIlMjBzdHlsZSUzRCUyMmJvcmRlciUzQTAlM0IlMjIlMjBhbGxvd2Z1bGxzY3JlZW4lM0QlMjIlMjIlMjBhcmlhLWhpZGRlbiUzRCUyMmZhbHNlJTIyJTIwdGFiaW5kZXglM0QlMjIwJTIyJTNFJTNDJTJGaWZyYW1lJTNF[\/vc_raw_html]<\/div><\/div><\/div><\/div><\/section>\n","protected":false},"excerpt":{"rendered":"","protected":false},"author":1,"featured_media":2408,"parent":0,"menu_order":0,"comment_status":"closed","ping_status":"closed","template":"","meta":{"footnotes":""},"class_list":["post-2538","page","type-page","status-publish","has-post-thumbnail","hentry"],"_links":{"self":[{"href":"https:\/\/www.amorgion-village.gr\/fr\/wp-json\/wp\/v2\/pages\/2538","targetHints":{"allow":["GET"]}}],"collection":[{"href":"https:\/\/www.amorgion-village.gr\/fr\/wp-json\/wp\/v2\/pages"}],"about":[{"href":"https:\/\/www.amorgion-village.gr\/fr\/wp-json\/wp\/v2\/types\/page"}],"author":[{"embeddable":true,"href":"https:\/\/www.amorgion-village.gr\/fr\/wp-json\/wp\/v2\/users\/1"}],"replies":[{"embeddable":true,"href":"https:\/\/www.amorgion-village.gr\/fr\/wp-json\/wp\/v2\/comments?post=2538"}],"version-history":[{"count":2,"href":"https:\/\/www.amorgion-village.gr\/fr\/wp-json\/wp\/v2\/pages\/2538\/revisions"}],"predecessor-version":[{"id":4052,"href":"https:\/\/www.amorgion-village.gr\/fr\/wp-json\/wp\/v2\/pages\/2538\/revisions\/4052"}],"wp:featuredmedia":[{"embeddable":true,"href":"https:\/\/www.amorgion-village.gr\/fr\/wp-json\/wp\/v2\/media\/2408"}],"wp:attachment":[{"href":"https:\/\/www.amorgion-village.gr\/fr\/wp-json\/wp\/v2\/media?parent=2538"}],"curies":[{"name":"wp","href":"https:\/\/api.w.org\/{rel}","templated":true}]}}